{"id":670,"date":"2023-08-13T07:41:36","date_gmt":"2023-08-13T04:41:36","guid":{"rendered":"https:\/\/big-bamboo-slot.top\/?page_id=670"},"modified":"2023-10-14T23:20:10","modified_gmt":"2023-10-14T20:20:10","slug":"big-bamboo-%d0%be%d0%b1%d0%b7%d0%be%d1%80-%d1%81%d0%bb%d0%be%d1%82%d0%b0","status":"publish","type":"page","link":"https:\/\/big-bamboo-slot.top\/de\/","title":{"rendered":"Spielen Sie Big Bamboo"},"content":{"rendered":"<p>Das Spiel Big Bamboo erschien im M\u00e4rz 2022 und hat sich unter Fans von Online-Slots bereits zu einem echten Hit entwickelt. Das Spiel wird in den Casinos 1win, mostbet, Pin-up und anderen angeboten. Die Macher haben das Spiel im Stil tropischer Inseln gestaltet und ihm viele Details und leuchtende Farben verliehen.<\/p>\n\n\n\n<p>Der Online-Slot lockt mit der M\u00f6glichkeit, satte Gewinne zu erzielen. Dies ist durchaus m\u00f6glich. Durch Freispiele, Scatter, Wilds und pl\u00f6tzlich auftauchende M\u00fcnzen erh\u00f6hen sich die Gl\u00fcckschancen.<\/p>\n\n\n<div class=\"wp-block-image\">\n<figure class=\"aligncenter size-large\"><img loading=\"lazy\" decoding=\"async\" width=\"1024\" height=\"638\" src=\"https:\/\/big-bamboo-slot.top\/wp-content\/uploads\/2023\/08\/big-bamboo-slot-1-1-1024x638.jpg\" alt=\"gro\u00dfer Bambusschlitz\" class=\"wp-image-693\" srcset=\"https:\/\/big-bamboo-slot.top\/wp-content\/uploads\/2023\/08\/big-bamboo-slot-1-1-1024x638.jpg 1024w, https:\/\/big-bamboo-slot.top\/wp-content\/uploads\/2023\/08\/big-bamboo-slot-1-1-300x187.jpg 300w, https:\/\/big-bamboo-slot.top\/wp-content\/uploads\/2023\/08\/big-bamboo-slot-1-1-768x478.jpg 768w, https:\/\/big-bamboo-slot.top\/wp-content\/uploads\/2023\/08\/big-bamboo-slot-1-1-18x12.jpg 18w, https:\/\/big-bamboo-slot.top\/wp-content\/uploads\/2023\/08\/big-bamboo-slot-1-1.jpg 1130w\" sizes=\"auto, (max-width: 1024px) 100vw, 1024px\" \/><\/figure>\n<\/div>\n\n\n<p>Wenn Sie gerne Ihre Nerven kitzeln, dann m\u00fcssen Sie sich unbedingt mit der Anleitung zu diesem aufregenden Spielautomaten vertraut machen, bevor Sie anfangen, um Geld zu spielen. Das Material wird dazu beitragen, gr\u00f6\u00dfere Fehler zu vermeiden und maximale Gewinne zu erzielen.<\/p>\n\n\n<div id=\"ez-toc-container\" class=\"ez-toc-v2_0_56_1 counter-hierarchy ez-toc-counter ez-toc-grey ez-toc-container-direction\">\n<div class=\"ez-toc-title-container\">\n<p class=\"ez-toc-title\" >Inhaltsverzeichnis<\/p>\n<span class=\"ez-toc-title-toggle\"><a href=\"#\" class=\"ez-toc-pull-right ez-toc-btn ez-toc-btn-xs ez-toc-btn-default ez-toc-toggle\" aria-label=\"Inhaltsverzeichnis umschalten\" role=\"button\"><label for=\"item-69d59778b7982\" ><span class=\"\"><span style=\"display:none;\">Umschalten<\/span><span class=\"ez-toc-icon-toggle-span\"><svg style=\"fill: #999;color:#999\" xmlns=\"http:\/\/www.w3.org\/2000\/svg\" class=\"list-377408\" width=\"20px\" height=\"20px\" viewbox=\"0 0 24 24\" fill=\"none\"><path d=\"M6 6H4v2h2V6zm14 0H8v2h12V6zM4 11h2v2H4v-2zm16 0H8v2h12v-2zM4 16h2v2H4v-2zm16 0H8v2h12v-2z\" fill=\"currentColor\"><\/path><\/svg><svg style=\"fill: #999;color:#999\" class=\"arrow-unsorted-368013\" xmlns=\"http:\/\/www.w3.org\/2000\/svg\" width=\"10px\" height=\"10px\" viewbox=\"0 0 24 24\" version=\"1.2\" baseprofile=\"tiny\"><path d=\"M18.2 9.3l-6.2-6.3-6.2 6.3c-.2.2-.3.4-.3.7s.1.5.3.7c.2.2.4.3.7.3h11c.3 0 .5-.1.7-.3.2-.2.3-.5.3-.7s-.1-.5-.3-.7zM5.8 14.7l6.2 6.3 6.2-6.3c.2-.2.3-.5.3-.7s-.1-.5-.3-.7c-.2-.2-.4-.3-.7-.3h-11c-.3 0-.5.1-.7.3-.2.2-.3.5-.3.7s.1.5.3.7z\"\/><\/svg><\/span><\/span><\/label><input aria-label=\"Umschalten\" type=\"checkbox\"  id=\"item-69d59778b7982\"><\/a><\/span><\/div>\n<nav><ul class='ez-toc-list ez-toc-list-level-1' ><li class='ez-toc-page-1 ez-toc-heading-level-2'><a class=\"ez-toc-link ez-toc-heading-1\" href=\"https:\/\/big-bamboo-slot.top\/de\/#%D0%A5%D0%B0%D1%80%D0%B0%D0%BA%D1%82%D0%B5%D1%80%D0%B8%D1%81%D1%82%D0%B8%D0%BA%D0%B8_%D0%B8%D0%B3%D1%80%D1%8B_Big_Bamboo\" title=\"Eigenschaften des Spiels Big Bamboo\">Eigenschaften des Spiels Big Bamboo<\/a><\/li><li class='ez-toc-page-1 ez-toc-heading-level-2'><a class=\"ez-toc-link ez-toc-heading-2\" href=\"https:\/\/big-bamboo-slot.top\/de\/#%D0%A1%D0%BC%D1%8B%D1%81%D0%BB_%D0%B8%D0%B3%D1%80%D1%8B\" title=\"Der Sinn des Spiels\">Der Sinn des Spiels<\/a><\/li><li class='ez-toc-page-1 ez-toc-heading-level-2'><a class=\"ez-toc-link ez-toc-heading-3\" href=\"https:\/\/big-bamboo-slot.top\/de\/#%D0%9A%D0%BB%D1%8E%D1%87%D0%B5%D0%B2%D1%8B%D0%B5_%D1%81%D0%B8%D0%BC%D0%B2%D0%BE%D0%BB%D1%8B_%D1%81%D0%BB%D0%BE%D1%82%D0%B0\" title=\"Steckplatzschl\u00fcsselsymbole\">Steckplatzschl\u00fcsselsymbole<\/a><ul class='ez-toc-list-level-3'><li class='ez-toc-heading-level-3'><a class=\"ez-toc-link ez-toc-heading-4\" href=\"https:\/\/big-bamboo-slot.top\/de\/#%D0%91%D0%B0%D0%BC%D0%B1%D1%83%D0%BA\" title=\"Bambus\">Bambus<\/a><\/li><li class='ez-toc-page-1 ez-toc-heading-level-3'><a class=\"ez-toc-link ez-toc-heading-5\" href=\"https:\/\/big-bamboo-slot.top\/de\/#Wild_%D0%B4%D0%B8%D0%BA%D0%B8%D0%B9_%D1%81%D0%B8%D0%BC%D0%B2%D0%BE%D0%BB\" title=\"Wild (Wild-Symbol)\">Wild (Wild-Symbol)<\/a><\/li><li class='ez-toc-page-1 ez-toc-heading-level-3'><a class=\"ez-toc-link ez-toc-heading-6\" href=\"https:\/\/big-bamboo-slot.top\/de\/#Stack\" title=\"Stapel\">Stapel<\/a><\/li><li class='ez-toc-page-1 ez-toc-heading-level-3'><a class=\"ez-toc-link ez-toc-heading-7\" href=\"https:\/\/big-bamboo-slot.top\/de\/#%D0%A3%D0%BC%D0%BD%D0%BE%D0%B6%D0%B8%D1%82%D0%B5%D0%BB%D1%8C\" title=\"Multiplikator\">Multiplikator<\/a><\/li><li class='ez-toc-page-1 ez-toc-heading-level-3'><a class=\"ez-toc-link ez-toc-heading-8\" href=\"https:\/\/big-bamboo-slot.top\/de\/#%D0%91%D0%BE%D0%BD%D1%83%D1%81%D0%BD%D1%8B%D0%B5_%D1%81%D0%BF%D0%B8%D0%BD%D1%8B\" title=\"Bonus-Spins\">Bonus-Spins<\/a><\/li><\/ul><\/li><li class='ez-toc-page-1 ez-toc-heading-level-2'><a class=\"ez-toc-link ez-toc-heading-9\" href=\"https:\/\/big-bamboo-slot.top\/de\/#FAQ_%D0%BF%D0%BE_%D0%B8%D0%B3%D1%80%D0%B5_Big_Bamboo\" title=\"FAQ zum Spiel Big Bamboo\">FAQ zum Spiel Big Bamboo<\/a><\/li><li class='ez-toc-page-1 ez-toc-heading-level-2'><a class=\"ez-toc-link ez-toc-heading-10\" href=\"https:\/\/big-bamboo-slot.top\/de\/#%D0%A1%D1%82%D1%80%D0%B0%D1%82%D0%B5%D0%B3%D0%B8%D0%B8_%D0%B8%D0%B3%D1%80%D1%8B_Big_Bamboo\" title=\"Spielstrategien Big Bamboo\">Spielstrategien Big Bamboo<\/a><ul class='ez-toc-list-level-3'><li class='ez-toc-heading-level-3'><a class=\"ez-toc-link ez-toc-heading-11\" href=\"https:\/\/big-bamboo-slot.top\/de\/#%D0%A1%D1%82%D1%80%D0%B0%D1%82%D0%B5%D0%B3%D0%B8%D1%8F_%E2%84%96_1\" title=\"Strategie Nr. 1:\">Strategie Nr. 1:<\/a><\/li><li class='ez-toc-page-1 ez-toc-heading-level-3'><a class=\"ez-toc-link ez-toc-heading-12\" href=\"https:\/\/big-bamboo-slot.top\/de\/#%D0%A1%D1%82%D1%80%D0%B0%D1%82%D0%B5%D0%B3%D0%B8%D1%8F_%E2%84%96_2\" title=\"Strategie Nr. 2:\">Strategie Nr. 2:<\/a><\/li><\/ul><\/li><li class='ez-toc-page-1 ez-toc-heading-level-2'><a class=\"ez-toc-link ez-toc-heading-13\" href=\"https:\/\/big-bamboo-slot.top\/de\/#%D0%A1%D0%BA%D0%B0%D1%87%D0%B0%D1%82%D1%8C_%D0%B8%D0%B3%D1%80%D1%83\" title=\"Laden Sie ein Spiel herunter\">Laden Sie ein Spiel herunter<\/a><\/li><li class='ez-toc-page-1 ez-toc-heading-level-2'><a class=\"ez-toc-link ez-toc-heading-14\" href=\"https:\/\/big-bamboo-slot.top\/de\/#%D0%94%D0%B5%D0%BC%D0%BE-%D1%80%D0%B5%D0%B6%D0%B8%D0%BC_%D0%B2_Big_Bamboo\" title=\"Demomodus in Big Bamboo\">Demomodus in Big Bamboo<\/a><\/li><li class='ez-toc-page-1 ez-toc-heading-level-2'><a class=\"ez-toc-link ez-toc-heading-15\" href=\"https:\/\/big-bamboo-slot.top\/de\/#%D0%98%D0%B3%D1%80%D0%B0_%D0%B2_Big_Bamboo_%D0%BD%D0%B0_1win\" title=\"Ich spiele Big Bamboo auf 1win\">Ich spiele Big Bamboo auf 1win<\/a><ul class='ez-toc-list-level-3'><li class='ez-toc-heading-level-3'><a class=\"ez-toc-link ez-toc-heading-16\" href=\"https:\/\/big-bamboo-slot.top\/de\/#%D0%A0%D0%B5%D0%B3%D0%B8%D1%81%D1%82%D1%80%D0%B0%D1%86%D0%B8%D1%8F_%D0%B2_1win\" title=\"Registrierung bei 1win\">Registrierung bei 1win<\/a><\/li><\/ul><\/li><\/ul><\/nav><\/div>\n<h2 class=\"wp-block-heading\" id=\"%25d1%2585%25d0%25b0%25d1%2580%25d0%25b0%25d0%25ba%25d1%2582%25d0%25b5%25d1%2580%25d0%25b8%25d1%2581%25d1%2582%25d0%25b8%25d0%25ba%25d0%25b8-%25d0%25b8%25d0%25b3%25d1%2580%25d1%258b-big-bamboo\"><span class=\"ez-toc-section\" id=\"%D0%A5%D0%B0%D1%80%D0%B0%D0%BA%D1%82%D0%B5%D1%80%D0%B8%D1%81%D1%82%D0%B8%D0%BA%D0%B8_%D0%B8%D0%B3%D1%80%D1%8B_Big_Bamboo\"><\/span><strong>Eigenschaften des Spiels Big Bamboo<\/strong><span class=\"ez-toc-section-end\"><\/span><\/h2>\n\n\n<figure class=\"wp-block-table\"><table><tbody><tr><td>AKTUALISIEREN:<\/td><td>2022<\/td><\/tr><tr><td>ANBIETER:<\/td><td>PUSH-GAMING<\/td><\/tr><tr><td>RTP (%):<\/td><td>96.13%<\/td><\/tr><tr><td>ANZAHL DER ROLLEN:<\/td><td>5<\/td><\/tr><tr><td>ANZAHL DER ZEILEN:<\/td><td>50<\/td><\/tr><tr><td>ANZAHL DER REIHEN:<\/td><td>6<\/td><\/tr><\/tbody><\/table><\/figure>\n\n\n<h2 class=\"wp-block-heading\" id=\"%25d1%2581%25d0%25bc%25d1%258b%25d1%2581%25d0%25bb-%25d0%25b8%25d0%25b3%25d1%2580%25d1%258b\"><span class=\"ez-toc-section\" id=\"%D0%A1%D0%BC%D1%8B%D1%81%D0%BB_%D0%B8%D0%B3%D1%80%D1%8B\"><\/span><strong>Der Sinn des Spiels<\/strong><span class=\"ez-toc-section-end\"><\/span><\/h2>\n\n\n<p>Big Bamboo ist ein Casino-Slot mit f\u00fcnf aktiven Linien. Jedes hat sechs Felder. Insgesamt werden 50 Zeilen bezahlt!<\/p>\n\n\n<div class=\"wp-block-image\">\n<figure class=\"aligncenter size-large\"><img loading=\"lazy\" decoding=\"async\" width=\"1024\" height=\"658\" src=\"https:\/\/big-bamboo-slot.top\/wp-content\/uploads\/2023\/08\/big-bamboo-slot-2-1-1024x658.jpg\" alt=\"Bedeutung von Big Bamboo Slot\" class=\"wp-image-694\" srcset=\"https:\/\/big-bamboo-slot.top\/wp-content\/uploads\/2023\/08\/big-bamboo-slot-2-1-1024x658.jpg 1024w, https:\/\/big-bamboo-slot.top\/wp-content\/uploads\/2023\/08\/big-bamboo-slot-2-1-300x193.jpg 300w, https:\/\/big-bamboo-slot.top\/wp-content\/uploads\/2023\/08\/big-bamboo-slot-2-1-768x494.jpg 768w, https:\/\/big-bamboo-slot.top\/wp-content\/uploads\/2023\/08\/big-bamboo-slot-2-1-18x12.jpg 18w, https:\/\/big-bamboo-slot.top\/wp-content\/uploads\/2023\/08\/big-bamboo-slot-2-1.jpg 1100w\" sizes=\"auto, (max-width: 1024px) 100vw, 1024px\" \/><\/figure>\n<\/div>\n\n\n<p>Der maximal m\u00f6gliche Gewinn in Big Bamboo ist verf\u00fcgbar, wenn es dem Spieler gelingt, den 50.000-fachen Multiplikator zu erreichen. Es ist in regul\u00e4ren Spielen und Bonusspielen verf\u00fcgbar. Um jedoch keinen Fehler zu machen, m\u00fcssen Sie die Regeln und Symbole des Spiels kennen.<\/p>\n\n\n<h2 class=\"wp-block-heading\" id=\"%25d0%25ba%25d0%25bb%25d1%258e%25d1%2587%25d0%25b5%25d0%25b2%25d1%258b%25d0%25b5-%25d1%2581%25d0%25b8%25d0%25bc%25d0%25b2%25d0%25be%25d0%25bb%25d1%258b-%25d1%2581%25d0%25bb%25d0%25be%25d1%2582%25d0%25b0\"><span class=\"ez-toc-section\" id=\"%D0%9A%D0%BB%D1%8E%D1%87%D0%B5%D0%B2%D1%8B%D0%B5_%D1%81%D0%B8%D0%BC%D0%B2%D0%BE%D0%BB%D1%8B_%D1%81%D0%BB%D0%BE%D1%82%D0%B0\"><\/span><strong>Steckplatzschl\u00fcsselsymbole<\/strong><span class=\"ez-toc-section-end\"><\/span><\/h2>\n\n<h3 class=\"wp-block-heading\" id=\"%25d0%25b1%25d0%25b0%25d0%25bc%25d0%25b1%25d1%2583%25d0%25ba\"><span class=\"ez-toc-section\" id=\"%D0%91%D0%B0%D0%BC%D0%B1%D1%83%D0%BA\"><\/span>Bambus<span class=\"ez-toc-section-end\"><\/span><\/h3>\n\n\n<p>Das Symbol bietet Ihnen die M\u00f6glichkeit, erhebliche Preise zu gewinnen. Sein Vorteil liegt in seiner F\u00e4higkeit zur Ver\u00e4nderung. In diesem Fall erscheinen andere Symbole auf dem Spielfeld. Es kann sein:<\/p>\n\n\n\n<ul class=\"wp-block-list\">\n<li>Multiplikator \u2013 multipliziert den Wert aller auf dem Feld angezeigten M\u00fcnzen;<\/li>\n\n\n\n<li>\u201eSammler\u201c \u2013 fasst alle M\u00fcnzen in einem Feld zusammen;<\/li>\n\n\n\n<li>Sofortpreis \u2013 gibt Boni in verschiedenen Nennwerten.<\/li>\n<\/ul>\n\n\n<h3 class=\"wp-block-heading\" id=\"wild-%25d0%25b4%25d0%25b8%25d0%25ba%25d0%25b8%25d0%25b9-%25d1%2581%25d0%25b8%25d0%25bc%25d0%25b2%25d0%25be%25d0%25bb\"><span class=\"ez-toc-section\" id=\"Wild_%D0%B4%D0%B8%D0%BA%D0%B8%D0%B9_%D1%81%D0%B8%D0%BC%D0%B2%D0%BE%D0%BB\"><\/span>Wild (Wild-Symbol)<span class=\"ez-toc-section-end\"><\/span><\/h3>\n\n\n<p>Hat die einzigartige F\u00e4higkeit, fehlende Zeichen zu ersetzen. Dies ist eine der n\u00fctzlichsten und vielseitigsten Funktionen des Slots.<\/p>\n\n\n<h3 class=\"wp-block-heading\" id=\"stack\"><span class=\"ez-toc-section\" id=\"Stack\"><\/span>Stapel<span class=\"ez-toc-section-end\"><\/span><\/h3>\n\n\n<p>Dieses Symbol hat den Status des geheimnisvollsten. Es hat einen enormen Wert, da es Ihnen erm\u00f6glicht, Boni auszul\u00f6sen und gro\u00dfe Betr\u00e4ge zu erhalten. Allerdings nur, wenn es in den Bonus- und regul\u00e4ren Spielen zu bestimmten Linien\u00fcbereinstimmungen kommt.<\/p>\n\n\n\n<p>Das Stapelsymbol schaltet Geldpreise frei. W\u00e4hrend des Spiels wird es wie folgt angezeigt:<\/p>\n\n\n\n<p>Stack hat auch eine coole Funktion, sich in ein Collector-Symbol zu verwandeln. Letzterer summiert die M\u00fcnzen auf dem Spielfeld und er\u00f6ffnet dann neue Spins. &nbsp;<\/p>\n\n\n\n<p><em>WICHTIG: Sammler erscheinen zuf\u00e4llig. Manchmal ergibt eine Drehung mehrere dieser Symbole.<\/em><\/p>\n\n\n<h3 class=\"wp-block-heading\" id=\"%25d1%2583%25d0%25bc%25d0%25bd%25d0%25be%25d0%25b6%25d0%25b8%25d1%2582%25d0%25b5%25d0%25bb%25d1%258c\"><span class=\"ez-toc-section\" id=\"%D0%A3%D0%BC%D0%BD%D0%BE%D0%B6%D0%B8%D1%82%D0%B5%D0%BB%D1%8C\"><\/span>Multiplikator<span class=\"ez-toc-section-end\"><\/span><\/h3>\n\n\n<p>Es verf\u00fcgt \u00fcber eine einfache, aber sehr sch\u00f6ne Funktion zur Vervielfachung von Geldpreisen.<\/p>\n\n\n<h3 class=\"wp-block-heading\" id=\"%25d0%25b1%25d0%25be%25d0%25bd%25d1%2583%25d1%2581%25d0%25bd%25d1%258b%25d0%25b5-%25d1%2581%25d0%25bf%25d0%25b8%25d0%25bd%25d1%258b\"><span class=\"ez-toc-section\" id=\"%D0%91%D0%BE%D0%BD%D1%83%D1%81%D0%BD%D1%8B%D0%B5_%D1%81%D0%BF%D0%B8%D0%BD%D1%8B\"><\/span>Bonus-Spins<span class=\"ez-toc-section-end\"><\/span><\/h3>\n\n\n<p>Dieses Symbol kann nur in einem regul\u00e4ren Spiel und auf drei Walzen erscheinen: 2, 3 und 4. Wenn ein Bonus auf den Walzen 2 und 3 und ein seltener Bonus auf den Walzen 4 erscheint, erh\u00e4lt der Spieler die einmalige Gelegenheit, an einem teilzunehmen Superspiel (oder kaufe diese Chance).<\/p>\n\n\n\n<p>Das Superspiel wird im Abschnitt \u201eSpielstrategie\u201c ausf\u00fchrlich beschrieben.<\/p>\n\n\n<div class=\"wp-block-image\">\n<figure class=\"aligncenter size-large\"><img loading=\"lazy\" decoding=\"async\" width=\"1024\" height=\"610\" src=\"https:\/\/big-bamboo-slot.top\/wp-content\/uploads\/2023\/08\/big-bamboo-slot-3-1-1024x610.jpg\" alt=\"gro\u00dfer Bambusschlitz\" class=\"wp-image-695\" srcset=\"https:\/\/big-bamboo-slot.top\/wp-content\/uploads\/2023\/08\/big-bamboo-slot-3-1-1024x610.jpg 1024w, https:\/\/big-bamboo-slot.top\/wp-content\/uploads\/2023\/08\/big-bamboo-slot-3-1-300x179.jpg 300w, https:\/\/big-bamboo-slot.top\/wp-content\/uploads\/2023\/08\/big-bamboo-slot-3-1-768x457.jpg 768w, https:\/\/big-bamboo-slot.top\/wp-content\/uploads\/2023\/08\/big-bamboo-slot-3-1-18x12.jpg 18w, https:\/\/big-bamboo-slot.top\/wp-content\/uploads\/2023\/08\/big-bamboo-slot-3-1.jpg 1028w\" sizes=\"auto, (max-width: 1024px) 100vw, 1024px\" \/><\/figure>\n<\/div>\n\n<h2 class=\"wp-block-heading\" id=\"faq-%25d0%25bf%25d0%25be-%25d0%25b8%25d0%25b3%25d1%2580%25d0%25b5-big-bamboo\"><span class=\"ez-toc-section\" id=\"FAQ_%D0%BF%D0%BE_%D0%B8%D0%B3%D1%80%D0%B5_Big_Bamboo\"><\/span><strong>FAQ <\/strong><strong>Von<\/strong><strong> <\/strong><strong>Spiel<\/strong><strong> Gro\u00dfer Bambus<\/strong><strong><\/strong><span class=\"ez-toc-section-end\"><\/span><\/h2>\n\n\n<p><em>Welche W\u00e4hrung kann man in Big Bamboo verwenden?<\/em><\/p>\n\n\n\n<p>Spieler haben die M\u00f6glichkeit, verschiedene W\u00e4hrungen zu verwenden: Rubel, Dollar, Euro usw.<\/p>\n\n\n\n<p><em>Wird der Slot Big Bamboo um echtes oder virtuelles Geld gespielt?<\/em><\/p>\n\n\n\n<p>F\u00fcr echte. Der Gewinn ist auf einen Multiplikator von x50.000 des Einsatzbetrags begrenzt.<\/p>\n\n\n\n<p><em>Wo spielt man Big Bamboo um echtes Geld?<\/em><\/p>\n\n\n\n<p>Unterhaltung um echtes Geld gibt es in jedem der folgenden Casinos: 1win, Pinup. Links zu Ressourcen finden Sie unten auf der Seite.<\/p>\n\n\n\n<p><em>Gibt es einen Demomodus zum \u00dcben von Fertigkeiten in Big Bamboo?<\/em><\/p>\n\n\n\n<p>Ja, eine solche Funktion ist vorhanden. Um es zu verwenden, m\u00fcssen Sie zum Block \u201eDemo\u201c gehen.<\/p>\n\n\n\n<p><em>Was ist die Bonuskaufoption?<\/em><\/p>\n\n\n\n<p>Nach der Registrierung auf der Website unserer Partner muss der Spieler eine Einzahlung auf sein pers\u00f6nliches Konto t\u00e4tigen. Danach steht ihm ein angenehmer Bonus zur Verf\u00fcgung, der in Spielen eingesetzt werden kann.<\/p>\n\n\n\n<p><em>Wo finde ich Rezensionen dazu? <\/em><em>Gro\u00df<\/em><em> <\/em><em>Bambus<\/em><em>, von echten Spielern hinterlassen?<\/em><\/p>\n\n\n\n<p>Sie werden in einer speziellen Rubrik \u201eBewertungen\u201c auf unserer Website ver\u00f6ffentlicht.<\/p>\n\n\n<h2 class=\"wp-block-heading\" id=\"%25d1%2581%25d1%2582%25d1%2580%25d0%25b0%25d1%2582%25d0%25b5%25d0%25b3%25d0%25b8%25d0%25b8-%25d0%25b8%25d0%25b3%25d1%2580%25d1%258b-big-bamboo\"><span class=\"ez-toc-section\" id=\"%D0%A1%D1%82%D1%80%D0%B0%D1%82%D0%B5%D0%B3%D0%B8%D0%B8_%D0%B8%D0%B3%D1%80%D1%8B_Big_Bamboo\"><\/span><strong>Spielstrategien <\/strong><strong>Gro\u00df<\/strong><strong> <\/strong><strong>Bambus<\/strong><span class=\"ez-toc-section-end\"><\/span><\/h2>\n\n\n<p>In jedem Unternehmen ben\u00f6tigen Sie eine Strategie, die die Erfolgswahrscheinlichkeit erh\u00f6ht. Es ist auch in Big Bamboo wichtig. Sie m\u00fcssen die Funktionen des Slots nutzen, was die Wahrscheinlichkeit einer Erh\u00f6hung der Bank erheblich erh\u00f6ht.<\/p>\n\n\n<h3 class=\"wp-block-heading\" id=\"%25d1%2581%25d1%2582%25d1%2580%25d0%25b0%25d1%2582%25d0%25b5%25d0%25b3%25d0%25b8%25d1%258f-%25e2%2584%2596-1\"><span class=\"ez-toc-section\" id=\"%D0%A1%D1%82%D1%80%D0%B0%D1%82%D0%B5%D0%B3%D0%B8%D1%8F_%E2%84%96_1\"><\/span>Strategie Nr. 1:<span class=\"ez-toc-section-end\"><\/span><\/h3>\n\n\n<p>Bei einem Standarddrehspiel m\u00fcssen Sie warten, bis drei Scatter-Symbole gleichzeitig erscheinen. Dadurch wird der Bonusmodus gestartet und die Chance er\u00f6ffnet, an einem Spiel teilzunehmen. Wenn Sie nicht gewinnen, wird es sehr bald einen neuen Versuch geben \u2013 das Spiel bietet Ihnen viele davon.<\/p>\n\n\n\n<p>Beim Eintritt in den Bonusmodus ist es wichtig, eine gute Streuung zu erhalten. Es gibt sie in verschiedenen Ausf\u00fchrungen:<\/p>\n\n\n\n<ul class=\"wp-block-list\">\n<li>lila \u2013 setzt den Mehrspielermodus auf Null;<\/li>\n\n\n\n<li>rot \u2013 sorgt f\u00fcr Verdreifachung;<\/li>\n\n\n\n<li>Gold \u2013 garantiert x10 Multiplayer.<\/li>\n<\/ul>\n\n\n\n<p>Au\u00dferdem gibt es im Basisspiel Mystery-Symbole, die eine Chance auf gro\u00dfe Gewinne bieten.<\/p>\n\n\n<h3 class=\"wp-block-heading\" id=\"%25d1%2581%25d1%2582%25d1%2580%25d0%25b0%25d1%2582%25d0%25b5%25d0%25b3%25d0%25b8%25d1%258f-%25e2%2584%2596-2\"><span class=\"ez-toc-section\" id=\"%D0%A1%D1%82%D1%80%D0%B0%D1%82%D0%B5%D0%B3%D0%B8%D1%8F_%E2%84%96_2\"><\/span>Strategie Nr. 2:<span class=\"ez-toc-section-end\"><\/span><\/h3>\n\n\n<p>In diesem Fall kann der Spieler einen Bonus erwerben und erh\u00e4lt die M\u00f6glichkeit, die Anzahl\/Qualit\u00e4t der Drehungen zu erh\u00f6hen. Es ist jedoch wichtig zu verstehen, dass die Freispiele nicht verf\u00fcgbar sind, wenn Sie den Bonus verlieren.<\/p>\n\n\n\n<p>Die Strategie kann verbessert werden, wenn Sie zweite (rote) Spins kaufen. Und jetzt versuchen Sie, sie in Gold zu verwandeln.<\/p>\n\n\n\n<p><em>WICHTIG: Gold-Spins sind auch w\u00e4hrend des normalen Spiels verf\u00fcgbar. Die Hauptsache ist, Scatter zu verwenden. Alle 4 Symbole bringen den Spieler zum n\u00e4chsten Bonuslevel.<\/em><\/p>\n\n\n<h2 class=\"wp-block-heading\" id=\"%25d1%2581%25d0%25ba%25d0%25b0%25d1%2587%25d0%25b0%25d1%2582%25d1%258c-%25d0%25b8%25d0%25b3%25d1%2580%25d1%2583\"><span class=\"ez-toc-section\" id=\"%D0%A1%D0%BA%D0%B0%D1%87%D0%B0%D1%82%D1%8C_%D0%B8%D0%B3%D1%80%D1%83\"><\/span><strong>Laden Sie ein Spiel herunter<\/strong><span class=\"ez-toc-section-end\"><\/span><\/h2>\n\n\n<p>Die Besonderheit des Big Bamboo Slots besteht darin, dass das Spiel ausschlie\u00dflich online gespielt wird. Sie k\u00f6nnen das Spiel nicht herunterladen, aber Sie k\u00f6nnen eine Partner-Casino-Verkn\u00fcpfung auf Ihrem Computer oder Mobilger\u00e4t installieren. Damit k\u00f6nnen Sie die Spielressource sofort starten und mit Ihrer Lieblingsunterhaltung fortfahren.<\/p>\n\n\n\n<p><em>WICHTIG: Das Spiel ist f\u00fcr alle g\u00e4ngigen Betriebssysteme angepasst <\/em><em>iOS<\/em><em>, <\/em><em>Android<\/em><em> Und <\/em><em>Windows<\/em><em>.<\/em><\/p>\n\n\n\n<p>Um den Slot spielen zu k\u00f6nnen, m\u00fcssen Sie sich registrieren. Auf diese Weise k\u00f6nnen Sie alle Vorg\u00e4nge ausf\u00fchren: Ihr Konto auff\u00fcllen, Gewinne abheben usw.<\/p>\n\n\n<h2 class=\"wp-block-heading\" id=\"%25d0%25b4%25d0%25b5%25d0%25bc%25d0%25be%25d1%2580%25d0%25b5%25d0%25b6%25d0%25b8%25d0%25bc-%25d0%25b2-big-bamboo\"><span class=\"ez-toc-section\" id=\"%D0%94%D0%B5%D0%BC%D0%BE-%D1%80%D0%B5%D0%B6%D0%B8%D0%BC_%D0%B2_Big_Bamboo\"><\/span><strong>Demomodus in Big Bamboo<\/strong><span class=\"ez-toc-section-end\"><\/span><\/h2>\n\n\n<p>Big Bamboo ist ein sehr beliebter Slot. Aber wenn jemand es zum ersten Mal spielen will, dann ist es besser, sich zun\u00e4chst die n\u00f6tigen F\u00e4higkeiten anzueignen, ohne unn\u00f6tige finanzielle Verluste zu erleiden. Hierzu bieten die Slot-Entwickler die Nutzung des Demo-Modus an. Es erlaubt:<\/p>\n\n\n\n<ul class=\"wp-block-list\">\n<li>Machen Sie sich mit der Funktionalit\u00e4t vertraut;<\/li>\n\n\n\n<li>Muster erkennen;<\/li>\n\n\n\n<li>die Funktionen verstehen;<\/li>\n\n\n\n<li>Sehen Sie sich die Verwendung von Symbolen in der Praxis an.<\/li>\n<\/ul>\n\n\n\n<p>Zuk\u00fcnftig wird ein Spieler, der in der Demo Erfahrung gesammelt hat, sicher sein, um echtes Geld zu spielen. Sie k\u00f6nnen diesen n\u00fctzlichen Modus starten, indem Sie auf die Schaltfl\u00e4che unten klicken.<\/p>\n\n\n<h2 class=\"wp-block-heading\" id=\"%25d0%25b8%25d0%25b3%25d1%2580%25d0%25b0-%25d0%25b2-big-bamboo-%25d0%25bd%25d0%25b0-1win\"><span class=\"ez-toc-section\" id=\"%D0%98%D0%B3%D1%80%D0%B0_%D0%B2_Big_Bamboo_%D0%BD%D0%B0_1win\"><\/span><strong>Big Bamboo f\u00fcr 1 spielen<\/strong><strong>gewinnen<\/strong><strong><\/strong><span class=\"ez-toc-section-end\"><\/span><\/h2>\n\n\n<p>Profitieren Sie von den erstaunlichen Funktionen des 1win Casinos. Es kommt sehr schnell mit den neuesten Spielen und bietet au\u00dferdem Poker, Casino, Cricket, Wetten und vieles mehr.<\/p>\n\n\n\n<p>Die 1vin-Ressource verf\u00fcgt \u00fcber ein stilvolles Design und umfangreiche Funktionalit\u00e4t. Darauf k\u00f6nnen Spieler verschiedene Registrierungsmethoden nutzen. Die Hauptbl\u00f6cke befinden sich im oberen Men\u00fc, darunter auch das Casino. Jedem Benutzer stehen gro\u00dfz\u00fcgige Boni zur Verf\u00fcgung, um seinen Endgewinn zu erh\u00f6hen. Der gr\u00f6\u00dfte davon ist der 500%-Bonus auf Ihre erste Einzahlung.<\/p>\n\n\n\n<p>Die 1win-Website ist f\u00fcr jede Plattform geeignet und bietet verschiedene M\u00f6glichkeiten, Konten aufzuf\u00fcllen und Gewinne abzuheben!<\/p>\n\n\n<h3 class=\"wp-block-heading\" id=\"%25d1%2580%25d0%25b5%25d0%25b3%25d0%25b8%25d1%2581%25d1%2582%25d1%2580%25d0%25b0%25d1%2586%25d0%25b8%25d1%258f-%25d0%25b2-1win\"><span class=\"ez-toc-section\" id=\"%D0%A0%D0%B5%D0%B3%D0%B8%D1%81%D1%82%D1%80%D0%B0%D1%86%D0%B8%D1%8F_%D0%B2_1win\"><\/span><strong>Anmeldung am 1<\/strong><strong>gewinnen<\/strong><strong><\/strong><span class=\"ez-toc-section-end\"><\/span><\/h3>\n\n\n<p>Um ein Konto f\u00fcr 1vin zu erstellen, m\u00fcssen Sie:<\/p>\n\n\n\n<ul class=\"wp-block-list\">\n<li>Telefonnummer angeben;<\/li>\n\n\n\n<li>E-Mail Adresse eingeben Post;<\/li>\n\n\n\n<li>W\u00e4hlen Sie Ihre bevorzugte W\u00e4hrung aus.<\/li>\n<\/ul>\n\n\n\n<p>Danach werden alle Gl\u00fccksspiele verf\u00fcgbar sein, darunter auch der Big Bamboo-Slot des Entwicklers PushGaming.<\/p>\n\n\n\n<p><em><strong>WICHTIG: Eine Funktion von 1win ist die schnelle Registrierung \u00fcber soziale Medien. Netzwerke. Es dauert ein paar Sekunden und ist f\u00fcr diejenigen geeignet, die schnell mit dem Spielen und Gewinnen beginnen m\u00f6chten. Der Spieler wird sp\u00e4ter in der Lage sein, grundlegende Daten bereitzustellen.<\/strong><\/em><\/p>\n\n\n\n<p>Manchmal f\u00fchrt 1win eine pers\u00f6nliche Identifizierung der Spieler durch. Dies geschieht in erster Linie zur Sicherheit der Benutzer selbst. Spieler k\u00f6nnen auch mit ihnen kommunizieren. Ressourcenunterst\u00fctzung im Online-Chat, auf der offiziellen \u00f6ffentlichen VK-Seite oder im Telegramm.<\/p>\n\n\n\n<p>Fragen Sie sich immer noch? Registrieren Sie sich, laden Sie Ihr Konto auf und haben Sie Gl\u00fcck!<\/p>","protected":false},"excerpt":{"rendered":"<p>Das Spiel Big Bamboo (Big Bamboo) erschien im M\u00e4rz 2022 und hat sich unter Fans von Online-Slots bereits zu einem echten Hit entwickelt. Das Spiel wird in den Casinos 1win, mostbet, Pin-up und anderen angeboten. Die Macher haben das Spiel im Stil tropischer Inseln gestaltet und ihm viele Details und leuchtende Farben verliehen. Der Online-Slot lockt mit der M\u00f6glichkeit, satte Gewinne zu erzielen. Dies ist durchaus m\u00f6glich. Chancen auf... <a title=\"Spielen Sie Big Bamboo\" class=\"read-more\" href=\"https:\/\/big-bamboo-slot.top\/de\/\" aria-label=\"Mehr dazu unter Play Big Bamboo (Big Bamboo)\">Weiterlesen<\/a><\/p>","protected":false},"author":1,"featured_media":0,"parent":0,"menu_order":0,"comment_status":"closed","ping_status":"closed","template":"","meta":{"footnotes":""},"class_list":["post-670","page","type-page","status-publish"],"aioseo_notices":[],"_links":{"self":[{"href":"https:\/\/big-bamboo-slot.top\/de\/wp-json\/wp\/v2\/pages\/670","targetHints":{"allow":["GET"]}}],"collection":[{"href":"https:\/\/big-bamboo-slot.top\/de\/wp-json\/wp\/v2\/pages"}],"about":[{"href":"https:\/\/big-bamboo-slot.top\/de\/wp-json\/wp\/v2\/types\/page"}],"author":[{"embeddable":true,"href":"https:\/\/big-bamboo-slot.top\/de\/wp-json\/wp\/v2\/users\/1"}],"replies":[{"embeddable":true,"href":"https:\/\/big-bamboo-slot.top\/de\/wp-json\/wp\/v2\/comments?post=670"}],"version-history":[{"count":20,"href":"https:\/\/big-bamboo-slot.top\/de\/wp-json\/wp\/v2\/pages\/670\/revisions"}],"predecessor-version":[{"id":704,"href":"https:\/\/big-bamboo-slot.top\/de\/wp-json\/wp\/v2\/pages\/670\/revisions\/704"}],"wp:attachment":[{"href":"https:\/\/big-bamboo-slot.top\/de\/wp-json\/wp\/v2\/media?parent=670"}],"curies":[{"name":"wp","href":"https:\/\/api.w.org\/{rel}","templated":true}]}}