{"id":670,"date":"2023-08-13T07:41:36","date_gmt":"2023-08-13T04:41:36","guid":{"rendered":"https:\/\/big-bamboo-slot.top\/?page_id=670"},"modified":"2023-10-14T23:20:10","modified_gmt":"2023-10-14T20:20:10","slug":"big-bamboo-%d0%be%d0%b1%d0%b7%d0%be%d1%80-%d1%81%d0%bb%d0%be%d1%82%d0%b0","status":"publish","type":"page","link":"https:\/\/big-bamboo-slot.top\/pt\/","title":{"rendered":"Big Bamboo"},"content":{"rendered":"<p>O jogo Big Bamboo surgiu em mar\u00e7o de 2022 e j\u00e1 se tornou um verdadeiro sucesso entre os f\u00e3s de slots online. O jogo \u00e9 apresentado nos cassinos 1win, mostbet, pin-up e outros. Os criadores desenharam o jogo no estilo das ilhas tropicais, conferindo-lhe muitos detalhes e cores vivas.<\/p>\n\n\n\n<p>O slot online atrai com a oportunidade de ganhar grandes ganhos. \u00c9 bem poss\u00edvel fazer isso. As chances de ter sorte aumentam gra\u00e7as \u00e0s rodadas gr\u00e1tis, scatters, wilds e moedas que aparecem repentinamente.<\/p>\n\n\n<div class=\"wp-block-image\">\n<figure class=\"aligncenter size-large\"><img loading=\"lazy\" decoding=\"async\" width=\"1024\" height=\"638\" src=\"https:\/\/big-bamboo-slot.top\/wp-content\/uploads\/2023\/08\/big-bamboo-slot-1-1-1024x638.jpg\" alt=\"grande slot de bambu\" class=\"wp-image-693\" srcset=\"https:\/\/big-bamboo-slot.top\/wp-content\/uploads\/2023\/08\/big-bamboo-slot-1-1-1024x638.jpg 1024w, https:\/\/big-bamboo-slot.top\/wp-content\/uploads\/2023\/08\/big-bamboo-slot-1-1-300x187.jpg 300w, https:\/\/big-bamboo-slot.top\/wp-content\/uploads\/2023\/08\/big-bamboo-slot-1-1-768x478.jpg 768w, https:\/\/big-bamboo-slot.top\/wp-content\/uploads\/2023\/08\/big-bamboo-slot-1-1-18x12.jpg 18w, https:\/\/big-bamboo-slot.top\/wp-content\/uploads\/2023\/08\/big-bamboo-slot-1-1.jpg 1130w\" sizes=\"auto, (max-width: 1024px) 100vw, 1024px\" \/><\/figure>\n<\/div>\n\n\n<p>Se voc\u00ea gosta de irritar seus nervos, antes de come\u00e7ar a jogar por dinheiro, voc\u00ea simplesmente deve se familiarizar com o guia deste emocionante slot. O material ajudar\u00e1 a eliminar erros graves e obter o m\u00e1ximo lucro.<\/p>\n\n\n<div id=\"ez-toc-container\" class=\"ez-toc-v2_0_56_1 counter-hierarchy ez-toc-counter ez-toc-grey ez-toc-container-direction\">\n<div class=\"ez-toc-title-container\">\n<p class=\"ez-toc-title\" >\u00cdndice<\/p>\n<span class=\"ez-toc-title-toggle\"><a href=\"#\" class=\"ez-toc-pull-right ez-toc-btn ez-toc-btn-xs ez-toc-btn-default ez-toc-toggle\" aria-label=\"Alternar \u00edndice de conte\u00fado\" role=\"button\"><label for=\"item-69d596db5cc4b\" ><span class=\"\"><span style=\"display:none;\">Alternar<\/span><span class=\"ez-toc-icon-toggle-span\"><svg style=\"fill: #999;color:#999\" xmlns=\"http:\/\/www.w3.org\/2000\/svg\" class=\"list-377408\" width=\"20px\" height=\"20px\" viewbox=\"0 0 24 24\" fill=\"none\"><path d=\"M6 6H4v2h2V6zm14 0H8v2h12V6zM4 11h2v2H4v-2zm16 0H8v2h12v-2zM4 16h2v2H4v-2zm16 0H8v2h12v-2z\" fill=\"currentColor\"><\/path><\/svg><svg style=\"fill: #999;color:#999\" class=\"arrow-unsorted-368013\" xmlns=\"http:\/\/www.w3.org\/2000\/svg\" width=\"10px\" height=\"10px\" viewbox=\"0 0 24 24\" version=\"1.2\" baseprofile=\"tiny\"><path d=\"M18.2 9.3l-6.2-6.3-6.2 6.3c-.2.2-.3.4-.3.7s.1.5.3.7c.2.2.4.3.7.3h11c.3 0 .5-.1.7-.3.2-.2.3-.5.3-.7s-.1-.5-.3-.7zM5.8 14.7l6.2 6.3 6.2-6.3c.2-.2.3-.5.3-.7s-.1-.5-.3-.7c-.2-.2-.4-.3-.7-.3h-11c-.3 0-.5.1-.7.3-.2.2-.3.5-.3.7s.1.5.3.7z\"\/><\/svg><\/span><\/span><\/label><input aria-label=\"Alternar\" type=\"checkbox\"  id=\"item-69d596db5cc4b\"><\/a><\/span><\/div>\n<nav><ul class='ez-toc-list ez-toc-list-level-1' ><li class='ez-toc-page-1 ez-toc-heading-level-2'><a class=\"ez-toc-link ez-toc-heading-1\" href=\"https:\/\/big-bamboo-slot.top\/pt\/#%D0%A5%D0%B0%D1%80%D0%B0%D0%BA%D1%82%D0%B5%D1%80%D0%B8%D1%81%D1%82%D0%B8%D0%BA%D0%B8_%D0%B8%D0%B3%D1%80%D1%8B_Big_Bamboo\" title=\"Caracter\u00edsticas do jogo Big Bamboo\">Caracter\u00edsticas do jogo Big Bamboo<\/a><\/li><li class='ez-toc-page-1 ez-toc-heading-level-2'><a class=\"ez-toc-link ez-toc-heading-2\" href=\"https:\/\/big-bamboo-slot.top\/pt\/#%D0%A1%D0%BC%D1%8B%D1%81%D0%BB_%D0%B8%D0%B3%D1%80%D1%8B\" title=\"O significado do jogo\">O significado do jogo<\/a><\/li><li class='ez-toc-page-1 ez-toc-heading-level-2'><a class=\"ez-toc-link ez-toc-heading-3\" href=\"https:\/\/big-bamboo-slot.top\/pt\/#%D0%9A%D0%BB%D1%8E%D1%87%D0%B5%D0%B2%D1%8B%D0%B5_%D1%81%D0%B8%D0%BC%D0%B2%D0%BE%D0%BB%D1%8B_%D1%81%D0%BB%D0%BE%D1%82%D0%B0\" title=\"S\u00edmbolos de chave de slot\">S\u00edmbolos de chave de slot<\/a><ul class='ez-toc-list-level-3'><li class='ez-toc-heading-level-3'><a class=\"ez-toc-link ez-toc-heading-4\" href=\"https:\/\/big-bamboo-slot.top\/pt\/#%D0%91%D0%B0%D0%BC%D0%B1%D1%83%D0%BA\" title=\"Bambu\">Bambu<\/a><\/li><li class='ez-toc-page-1 ez-toc-heading-level-3'><a class=\"ez-toc-link ez-toc-heading-5\" href=\"https:\/\/big-bamboo-slot.top\/pt\/#Wild_%D0%B4%D0%B8%D0%BA%D0%B8%D0%B9_%D1%81%D0%B8%D0%BC%D0%B2%D0%BE%D0%BB\" title=\"Coringa (s\u00edmbolo curinga)\">Coringa (s\u00edmbolo curinga)<\/a><\/li><li class='ez-toc-page-1 ez-toc-heading-level-3'><a class=\"ez-toc-link ez-toc-heading-6\" href=\"https:\/\/big-bamboo-slot.top\/pt\/#Stack\" title=\"Pilha\">Pilha<\/a><\/li><li class='ez-toc-page-1 ez-toc-heading-level-3'><a class=\"ez-toc-link ez-toc-heading-7\" href=\"https:\/\/big-bamboo-slot.top\/pt\/#%D0%A3%D0%BC%D0%BD%D0%BE%D0%B6%D0%B8%D1%82%D0%B5%D0%BB%D1%8C\" title=\"Multiplicador\">Multiplicador<\/a><\/li><li class='ez-toc-page-1 ez-toc-heading-level-3'><a class=\"ez-toc-link ez-toc-heading-8\" href=\"https:\/\/big-bamboo-slot.top\/pt\/#%D0%91%D0%BE%D0%BD%D1%83%D1%81%D0%BD%D1%8B%D0%B5_%D1%81%D0%BF%D0%B8%D0%BD%D1%8B\" title=\"Rodadas b\u00f4nus\">Rodadas b\u00f4nus<\/a><\/li><\/ul><\/li><li class='ez-toc-page-1 ez-toc-heading-level-2'><a class=\"ez-toc-link ez-toc-heading-9\" href=\"https:\/\/big-bamboo-slot.top\/pt\/#FAQ_%D0%BF%D0%BE_%D0%B8%D0%B3%D1%80%D0%B5_Big_Bamboo\" title=\"Perguntas frequentes sobre o jogo Big Bamboo\">Perguntas frequentes sobre o jogo Big Bamboo<\/a><\/li><li class='ez-toc-page-1 ez-toc-heading-level-2'><a class=\"ez-toc-link ez-toc-heading-10\" href=\"https:\/\/big-bamboo-slot.top\/pt\/#%D0%A1%D1%82%D1%80%D0%B0%D1%82%D0%B5%D0%B3%D0%B8%D0%B8_%D0%B8%D0%B3%D1%80%D1%8B_Big_Bamboo\" title=\"Estrat\u00e9gias de jogo Big Bamboo\">Estrat\u00e9gias de jogo Big Bamboo<\/a><ul class='ez-toc-list-level-3'><li class='ez-toc-heading-level-3'><a class=\"ez-toc-link ez-toc-heading-11\" href=\"https:\/\/big-bamboo-slot.top\/pt\/#%D0%A1%D1%82%D1%80%D0%B0%D1%82%D0%B5%D0%B3%D0%B8%D1%8F_%E2%84%96_1\" title=\"Estrat\u00e9gia n\u00ba 1:\">Estrat\u00e9gia n\u00ba 1:<\/a><\/li><li class='ez-toc-page-1 ez-toc-heading-level-3'><a class=\"ez-toc-link ez-toc-heading-12\" href=\"https:\/\/big-bamboo-slot.top\/pt\/#%D0%A1%D1%82%D1%80%D0%B0%D1%82%D0%B5%D0%B3%D0%B8%D1%8F_%E2%84%96_2\" title=\"Estrat\u00e9gia n\u00ba 2:\">Estrat\u00e9gia n\u00ba 2:<\/a><\/li><\/ul><\/li><li class='ez-toc-page-1 ez-toc-heading-level-2'><a class=\"ez-toc-link ez-toc-heading-13\" href=\"https:\/\/big-bamboo-slot.top\/pt\/#%D0%A1%D0%BA%D0%B0%D1%87%D0%B0%D1%82%D1%8C_%D0%B8%D0%B3%D1%80%D1%83\" title=\"Baixe um jogo\">Baixe um jogo<\/a><\/li><li class='ez-toc-page-1 ez-toc-heading-level-2'><a class=\"ez-toc-link ez-toc-heading-14\" href=\"https:\/\/big-bamboo-slot.top\/pt\/#%D0%94%D0%B5%D0%BC%D0%BE-%D1%80%D0%B5%D0%B6%D0%B8%D0%BC_%D0%B2_Big_Bamboo\" title=\"Modo de demonstra\u00e7\u00e3o no Big Bamboo\">Modo de demonstra\u00e7\u00e3o no Big Bamboo<\/a><\/li><li class='ez-toc-page-1 ez-toc-heading-level-2'><a class=\"ez-toc-link ez-toc-heading-15\" href=\"https:\/\/big-bamboo-slot.top\/pt\/#%D0%98%D0%B3%D1%80%D0%B0_%D0%B2_Big_Bamboo_%D0%BD%D0%B0_1win\" title=\"Jogando Big Bamboo em 1win\">Jogando Big Bamboo em 1win<\/a><ul class='ez-toc-list-level-3'><li class='ez-toc-heading-level-3'><a class=\"ez-toc-link ez-toc-heading-16\" href=\"https:\/\/big-bamboo-slot.top\/pt\/#%D0%A0%D0%B5%D0%B3%D0%B8%D1%81%D1%82%D1%80%D0%B0%D1%86%D0%B8%D1%8F_%D0%B2_1win\" title=\"Registro em 1win\">Registro em 1win<\/a><\/li><\/ul><\/li><\/ul><\/nav><\/div>\n<h2 class=\"wp-block-heading\" id=\"%25d1%2585%25d0%25b0%25d1%2580%25d0%25b0%25d0%25ba%25d1%2582%25d0%25b5%25d1%2580%25d0%25b8%25d1%2581%25d1%2582%25d0%25b8%25d0%25ba%25d0%25b8-%25d0%25b8%25d0%25b3%25d1%2580%25d1%258b-big-bamboo\"><span class=\"ez-toc-section\" id=\"%D0%A5%D0%B0%D1%80%D0%B0%D0%BA%D1%82%D0%B5%D1%80%D0%B8%D1%81%D1%82%D0%B8%D0%BA%D0%B8_%D0%B8%D0%B3%D1%80%D1%8B_Big_Bamboo\"><\/span><strong>Caracter\u00edsticas do jogo Big Bamboo<\/strong><span class=\"ez-toc-section-end\"><\/span><\/h2>\n\n\n<figure class=\"wp-block-table\"><table><tbody><tr><td>ATUALIZAR:<\/td><td>2022<\/td><\/tr><tr><td>FORNECEDOR:<\/td><td>JOGO DE EMPURRAR<\/td><\/tr><tr><td>RTP (%):<\/td><td>96.13%<\/td><\/tr><tr><td>N\u00daMERO DE BOBINAS:<\/td><td>5<\/td><\/tr><tr><td>N\u00daMERO DE LINHAS:<\/td><td>50<\/td><\/tr><tr><td>NUMERO DE LINHAS:<\/td><td>6<\/td><\/tr><\/tbody><\/table><\/figure>\n\n\n<h2 class=\"wp-block-heading\" id=\"%25d1%2581%25d0%25bc%25d1%258b%25d1%2581%25d0%25bb-%25d0%25b8%25d0%25b3%25d1%2580%25d1%258b\"><span class=\"ez-toc-section\" id=\"%D0%A1%D0%BC%D1%8B%D1%81%D0%BB_%D0%B8%D0%B3%D1%80%D1%8B\"><\/span><strong>O significado do jogo<\/strong><span class=\"ez-toc-section-end\"><\/span><\/h2>\n\n\n<p>Big Bamboo \u00e9 um slot de cassino com cinco linhas ativas. Cada um tem seis campos. Um total de 50 linhas s\u00e3o pagas!<\/p>\n\n\n<div class=\"wp-block-image\">\n<figure class=\"aligncenter size-large\"><img loading=\"lazy\" decoding=\"async\" width=\"1024\" height=\"658\" src=\"https:\/\/big-bamboo-slot.top\/wp-content\/uploads\/2023\/08\/big-bamboo-slot-2-1-1024x658.jpg\" alt=\"Significado de grande slot de bambu\" class=\"wp-image-694\" srcset=\"https:\/\/big-bamboo-slot.top\/wp-content\/uploads\/2023\/08\/big-bamboo-slot-2-1-1024x658.jpg 1024w, https:\/\/big-bamboo-slot.top\/wp-content\/uploads\/2023\/08\/big-bamboo-slot-2-1-300x193.jpg 300w, https:\/\/big-bamboo-slot.top\/wp-content\/uploads\/2023\/08\/big-bamboo-slot-2-1-768x494.jpg 768w, https:\/\/big-bamboo-slot.top\/wp-content\/uploads\/2023\/08\/big-bamboo-slot-2-1-18x12.jpg 18w, https:\/\/big-bamboo-slot.top\/wp-content\/uploads\/2023\/08\/big-bamboo-slot-2-1.jpg 1100w\" sizes=\"auto, (max-width: 1024px) 100vw, 1024px\" \/><\/figure>\n<\/div>\n\n\n<p>A vit\u00f3ria m\u00e1xima poss\u00edvel no Big Bamboo estar\u00e1 dispon\u00edvel se o jogador conseguir obter o multiplicador x50.000. Est\u00e1 dispon\u00edvel em jogos regulares e de b\u00f4nus. Mas para n\u00e3o se enganar \u00e9 preciso conhecer as regras e os s\u00edmbolos do jogo.<\/p>\n\n\n<h2 class=\"wp-block-heading\" id=\"%25d0%25ba%25d0%25bb%25d1%258e%25d1%2587%25d0%25b5%25d0%25b2%25d1%258b%25d0%25b5-%25d1%2581%25d0%25b8%25d0%25bc%25d0%25b2%25d0%25be%25d0%25bb%25d1%258b-%25d1%2581%25d0%25bb%25d0%25be%25d1%2582%25d0%25b0\"><span class=\"ez-toc-section\" id=\"%D0%9A%D0%BB%D1%8E%D1%87%D0%B5%D0%B2%D1%8B%D0%B5_%D1%81%D0%B8%D0%BC%D0%B2%D0%BE%D0%BB%D1%8B_%D1%81%D0%BB%D0%BE%D1%82%D0%B0\"><\/span><strong>S\u00edmbolos de chave de slot<\/strong><span class=\"ez-toc-section-end\"><\/span><\/h2>\n\n<h3 class=\"wp-block-heading\" id=\"%25d0%25b1%25d0%25b0%25d0%25bc%25d0%25b1%25d1%2583%25d0%25ba\"><span class=\"ez-toc-section\" id=\"%D0%91%D0%B0%D0%BC%D0%B1%D1%83%D0%BA\"><\/span>Bambu<span class=\"ez-toc-section-end\"><\/span><\/h3>\n\n\n<p>O s\u00edmbolo lhe d\u00e1 a oportunidade de receber pr\u00eamios substanciais. Sua vantagem reside na capacidade de mudan\u00e7a. Quando isso acontece, outros s\u00edmbolos aparecem no campo de jogo. Pode ser:<\/p>\n\n\n\n<ul class=\"wp-block-list\">\n<li>multiplicador - multiplica o valor de todas as moedas apresentadas no campo;<\/li>\n\n\n\n<li>\u201cColecionador\u201d - resume todas as moedas em um campo;<\/li>\n\n\n\n<li>pr\u00eamio instant\u00e2neo - oferece b\u00f4nus de v\u00e1rios valores.<\/li>\n<\/ul>\n\n\n<h3 class=\"wp-block-heading\" id=\"wild-%25d0%25b4%25d0%25b8%25d0%25ba%25d0%25b8%25d0%25b9-%25d1%2581%25d0%25b8%25d0%25bc%25d0%25b2%25d0%25be%25d0%25bb\"><span class=\"ez-toc-section\" id=\"Wild_%D0%B4%D0%B8%D0%BA%D0%B8%D0%B9_%D1%81%D0%B8%D0%BC%D0%B2%D0%BE%D0%BB\"><\/span>Coringa (s\u00edmbolo curinga)<span class=\"ez-toc-section-end\"><\/span><\/h3>\n\n\n<p>Tem a capacidade \u00fanica de substituir quaisquer caracteres ausentes. Este \u00e9 um dos recursos mais \u00fateis e vers\u00e1teis do slot.<\/p>\n\n\n<h3 class=\"wp-block-heading\" id=\"stack\"><span class=\"ez-toc-section\" id=\"Stack\"><\/span>Pilha<span class=\"ez-toc-section-end\"><\/span><\/h3>\n\n\n<p>Este s\u00edmbolo tem o status de mais misterioso. Tem um valor enorme, pois permite acionar b\u00f4nus e receber grandes somas. Mas apenas se ocorrerem certas correspond\u00eancias de linha nos jogos de b\u00f4nus e regulares.<\/p>\n\n\n\n<p>O s\u00edmbolo Stack desbloqueia pr\u00eamios em dinheiro. Durante o jogo ele \u00e9 exibido da seguinte forma:<\/p>\n\n\n\n<p>Stack tamb\u00e9m tem uma fun\u00e7\u00e3o interessante de se transformar em um s\u00edmbolo de Colecionador. Este \u00faltimo soma as moedas em campo e depois abre novos giros. &nbsp;<\/p>\n\n\n\n<p><em>IMPORTANTE: Os coletores aparecem aleatoriamente. \u00c0s vezes, uma rodada d\u00e1 v\u00e1rios desses s\u00edmbolos.<\/em><\/p>\n\n\n<h3 class=\"wp-block-heading\" id=\"%25d1%2583%25d0%25bc%25d0%25bd%25d0%25be%25d0%25b6%25d0%25b8%25d1%2582%25d0%25b5%25d0%25bb%25d1%258c\"><span class=\"ez-toc-section\" id=\"%D0%A3%D0%BC%D0%BD%D0%BE%D0%B6%D0%B8%D1%82%D0%B5%D0%BB%D1%8C\"><\/span>Multiplicador<span class=\"ez-toc-section-end\"><\/span><\/h3>\n\n\n<p>Tem uma fun\u00e7\u00e3o simples, mas muito bacana, de multiplicar pr\u00eamios em dinheiro.<\/p>\n\n\n<h3 class=\"wp-block-heading\" id=\"%25d0%25b1%25d0%25be%25d0%25bd%25d1%2583%25d1%2581%25d0%25bd%25d1%258b%25d0%25b5-%25d1%2581%25d0%25bf%25d0%25b8%25d0%25bd%25d1%258b\"><span class=\"ez-toc-section\" id=\"%D0%91%D0%BE%D0%BD%D1%83%D1%81%D0%BD%D1%8B%D0%B5_%D1%81%D0%BF%D0%B8%D0%BD%D1%8B\"><\/span>Rodadas b\u00f4nus<span class=\"ez-toc-section-end\"><\/span><\/h3>\n\n\n<p>Este s\u00edmbolo s\u00f3 pode aparecer num jogo normal e em tr\u00eas rolos: 2, 3 e 4. Se um b\u00f3nus aparecer nos rolos 2 e 3, e um b\u00f3nus raro aparecer nos rolos 4, o jogador tem uma oportunidade \u00fanica de participar num jogo. super jogo (ou compre esta chance).<\/p>\n\n\n\n<p>O superjogo \u00e9 descrito em detalhes na se\u00e7\u00e3o \u201cEstrat\u00e9gia de Jogo\u201d.<\/p>\n\n\n<div class=\"wp-block-image\">\n<figure class=\"aligncenter size-large\"><img loading=\"lazy\" decoding=\"async\" width=\"1024\" height=\"610\" src=\"https:\/\/big-bamboo-slot.top\/wp-content\/uploads\/2023\/08\/big-bamboo-slot-3-1-1024x610.jpg\" alt=\"grande slot de bambu\" class=\"wp-image-695\" srcset=\"https:\/\/big-bamboo-slot.top\/wp-content\/uploads\/2023\/08\/big-bamboo-slot-3-1-1024x610.jpg 1024w, https:\/\/big-bamboo-slot.top\/wp-content\/uploads\/2023\/08\/big-bamboo-slot-3-1-300x179.jpg 300w, https:\/\/big-bamboo-slot.top\/wp-content\/uploads\/2023\/08\/big-bamboo-slot-3-1-768x457.jpg 768w, https:\/\/big-bamboo-slot.top\/wp-content\/uploads\/2023\/08\/big-bamboo-slot-3-1-18x12.jpg 18w, https:\/\/big-bamboo-slot.top\/wp-content\/uploads\/2023\/08\/big-bamboo-slot-3-1.jpg 1028w\" sizes=\"auto, (max-width: 1024px) 100vw, 1024px\" \/><\/figure>\n<\/div>\n\n<h2 class=\"wp-block-heading\" id=\"faq-%25d0%25bf%25d0%25be-%25d0%25b8%25d0%25b3%25d1%2580%25d0%25b5-big-bamboo\"><span class=\"ez-toc-section\" id=\"FAQ_%D0%BF%D0%BE_%D0%B8%D0%B3%D1%80%D0%B5_Big_Bamboo\"><\/span><strong>Perguntas frequentes <\/strong><strong>Por<\/strong><strong> <\/strong><strong>jogo<\/strong><strong> Bambu Grande<\/strong><strong><\/strong><span class=\"ez-toc-section-end\"><\/span><\/h2>\n\n\n<p><em>Que moeda voc\u00ea pode usar no Big Bamboo?<\/em><\/p>\n\n\n\n<p>Os jogadores t\u00eam a oportunidade de usar uma variedade de moedas: rublos, d\u00f3lares, euros, etc.<\/p>\n\n\n\n<p><em>O slot \u00e9 jogado com dinheiro real ou virtual, Big Bamboo?<\/em><\/p>\n\n\n\n<p>Para os reais. Os ganhos s\u00e3o limitados a um multiplicador de x50.000 do valor da aposta.<\/p>\n\n\n\n<p><em>Onde voc\u00ea joga Big Bamboo com dinheiro real?<\/em><\/p>\n\n\n\n<p>O entretenimento com dinheiro real est\u00e1 dispon\u00edvel em qualquer um dos seguintes cassinos: 1win, pinup. Links para recursos s\u00e3o fornecidos na parte inferior da p\u00e1gina.<\/p>\n\n\n\n<p><em>Existe um modo de demonstra\u00e7\u00e3o para praticar habilidades no Big Bamboo?<\/em><\/p>\n\n\n\n<p>Sim, essa fun\u00e7\u00e3o \u00e9 fornecida. Para utiliz\u00e1-lo, voc\u00ea precisa ir at\u00e9 o bloco \u201cDemo\u201d.<\/p>\n\n\n\n<p><em>Qual \u00e9 a op\u00e7\u00e3o de compra de b\u00f4nus?<\/em><\/p>\n\n\n\n<p>Ap\u00f3s se cadastrar no site de nossos parceiros, o jogador precisa fazer um dep\u00f3sito em sua conta pessoal. Depois disso, ele ter\u00e1 acesso a um agrad\u00e1vel b\u00f4nus que poder\u00e1 ser utilizado nos jogos.<\/p>\n\n\n\n<p><em>Onde encontrar coment\u00e1rios sobre <\/em><em>Grande<\/em><em> <\/em><em>Bambu<\/em><em>, deixado por jogadores reais?<\/em><\/p>\n\n\n\n<p>Eles s\u00e3o publicados em uma se\u00e7\u00e3o especial \u201cComent\u00e1rios\u201d em nosso site.<\/p>\n\n\n<h2 class=\"wp-block-heading\" id=\"%25d1%2581%25d1%2582%25d1%2580%25d0%25b0%25d1%2582%25d0%25b5%25d0%25b3%25d0%25b8%25d0%25b8-%25d0%25b8%25d0%25b3%25d1%2580%25d1%258b-big-bamboo\"><span class=\"ez-toc-section\" id=\"%D0%A1%D1%82%D1%80%D0%B0%D1%82%D0%B5%D0%B3%D0%B8%D0%B8_%D0%B8%D0%B3%D1%80%D1%8B_Big_Bamboo\"><\/span><strong>Estrat\u00e9gias de jogo <\/strong><strong>Grande<\/strong><strong> <\/strong><strong>Bambu<\/strong><span class=\"ez-toc-section-end\"><\/span><\/h2>\n\n\n<p>Em qualquer neg\u00f3cio, voc\u00ea precisa de uma estrat\u00e9gia que aumente a probabilidade de sucesso. Tamb\u00e9m \u00e9 importante no Big Bamboo. Voc\u00ea precisa usar os recursos do slot, o que aumentar\u00e1 significativamente a probabilidade de aumentar o banco.<\/p>\n\n\n<h3 class=\"wp-block-heading\" id=\"%25d1%2581%25d1%2582%25d1%2580%25d0%25b0%25d1%2582%25d0%25b5%25d0%25b3%25d0%25b8%25d1%258f-%25e2%2584%2596-1\"><span class=\"ez-toc-section\" id=\"%D0%A1%D1%82%D1%80%D0%B0%D1%82%D0%B5%D0%B3%D0%B8%D1%8F_%E2%84%96_1\"><\/span>Estrat\u00e9gia n\u00ba 1:<span class=\"ez-toc-section-end\"><\/span><\/h3>\n\n\n<p>Durante um jogo de giro padr\u00e3o, voc\u00ea precisa esperar que tr\u00eas s\u00edmbolos Scatter apare\u00e7am ao mesmo tempo. Isso iniciar\u00e1 o modo b\u00f4nus e abrir\u00e1 a chance de participar de um jogo. Se voc\u00ea n\u00e3o conseguir vencer, uma nova tentativa aparecer\u00e1 em breve - o jogo oferece muitas delas.<\/p>\n\n\n\n<p>Ao entrar no modo b\u00f4nus, \u00e9 importante conseguir um bom scatter. Eles v\u00eam em v\u00e1rios tipos:<\/p>\n\n\n\n<ul class=\"wp-block-list\">\n<li>roxo - define o modo multijogador para zero;<\/li>\n\n\n\n<li>vermelho - proporciona triplica\u00e7\u00e3o;<\/li>\n\n\n\n<li>ouro - garante multijogador x10.<\/li>\n<\/ul>\n\n\n\n<p>Existem tamb\u00e9m s\u00edmbolos misteriosos no jogo base que oferecem uma chance de grandes vit\u00f3rias.<\/p>\n\n\n<h3 class=\"wp-block-heading\" id=\"%25d1%2581%25d1%2582%25d1%2580%25d0%25b0%25d1%2582%25d0%25b5%25d0%25b3%25d0%25b8%25d1%258f-%25e2%2584%2596-2\"><span class=\"ez-toc-section\" id=\"%D0%A1%D1%82%D1%80%D0%B0%D1%82%D0%B5%D0%B3%D0%B8%D1%8F_%E2%84%96_2\"><\/span>Estrat\u00e9gia n\u00ba 2:<span class=\"ez-toc-section-end\"><\/span><\/h3>\n\n\n<p>Neste caso, o jogador pode adquirir um b\u00f4nus e ter a oportunidade de aumentar o n\u00famero\/qualidade das rodadas. Mas \u00e9 importante entender que se voc\u00ea perder o b\u00f4nus, as rodadas gr\u00e1tis n\u00e3o estar\u00e3o dispon\u00edveis.<\/p>\n\n\n\n<p>A estrat\u00e9gia pode ser atualizada se voc\u00ea comprar segundas rodadas (vermelhas). E agora tente transform\u00e1-los em ouro.<\/p>\n\n\n\n<p><em>IMPORTANTE: As rodadas de ouro tamb\u00e9m est\u00e3o dispon\u00edveis durante o jogo normal. O principal \u00e9 usar scatters. Cada 4 s\u00edmbolos levam o jogador ao pr\u00f3ximo n\u00edvel de b\u00f4nus.<\/em><\/p>\n\n\n<h2 class=\"wp-block-heading\" id=\"%25d1%2581%25d0%25ba%25d0%25b0%25d1%2587%25d0%25b0%25d1%2582%25d1%258c-%25d0%25b8%25d0%25b3%25d1%2580%25d1%2583\"><span class=\"ez-toc-section\" id=\"%D0%A1%D0%BA%D0%B0%D1%87%D0%B0%D1%82%D1%8C_%D0%B8%D0%B3%D1%80%D1%83\"><\/span><strong>Baixe um jogo<\/strong><span class=\"ez-toc-section-end\"><\/span><\/h2>\n\n\n<p>A peculiaridade do slot Big Bamboo \u00e9 que o jogo \u00e9 jogado apenas online. Voc\u00ea n\u00e3o pode baixar o jogo, mas pode instalar um atalho de cassino parceiro em seu computador ou dispositivo m\u00f3vel. Isso permitir\u00e1 que voc\u00ea inicie instantaneamente o recurso do jogo e passe para o seu entretenimento favorito.<\/p>\n\n\n\n<p><em>IMPORTANTE: O jogo est\u00e1 adaptado para todos os principais sistemas operacionais <\/em><em>iOS<\/em><em>, <\/em><em>Android<\/em><em> E <\/em><em>janelas<\/em><em>.<\/em><\/p>\n\n\n\n<p>Para jogar no slot, voc\u00ea deve se registrar. Isso permitir\u00e1 que voc\u00ea realize todas as opera\u00e7\u00f5es: reabastecer sua conta, sacar ganhos, etc.<\/p>\n\n\n<h2 class=\"wp-block-heading\" id=\"%25d0%25b4%25d0%25b5%25d0%25bc%25d0%25be%25d1%2580%25d0%25b5%25d0%25b6%25d0%25b8%25d0%25bc-%25d0%25b2-big-bamboo\"><span class=\"ez-toc-section\" id=\"%D0%94%D0%B5%D0%BC%D0%BE-%D1%80%D0%B5%D0%B6%D0%B8%D0%BC_%D0%B2_Big_Bamboo\"><\/span><strong>Modo de demonstra\u00e7\u00e3o no Big Bamboo<\/strong><span class=\"ez-toc-section-end\"><\/span><\/h2>\n\n\n<p>Big Bamboo \u00e9 um slot muito popular. Mas se algu\u00e9m vai jogar pela primeira vez, ent\u00e3o \u00e9 melhor primeiro obter as habilidades necess\u00e1rias sem perdas financeiras desnecess\u00e1rias. Para fazer isso, os desenvolvedores de slots oferecem o uso do modo de demonstra\u00e7\u00e3o. Permite:<\/p>\n\n\n\n<ul class=\"wp-block-list\">\n<li>familiarize-se com a funcionalidade;<\/li>\n\n\n\n<li>identificar padr\u00f5es;<\/li>\n\n\n\n<li>compreender os recursos;<\/li>\n\n\n\n<li>veja o uso de s\u00edmbolos na pr\u00e1tica.<\/li>\n<\/ul>\n\n\n\n<p>No futuro, um jogador que ganhou experi\u00eancia na demo ter\u00e1 confian\u00e7a ao jogar com dinheiro real. Voc\u00ea pode iniciar este modo \u00fatil clicando no bot\u00e3o abaixo.<\/p>\n\n\n<h2 class=\"wp-block-heading\" id=\"%25d0%25b8%25d0%25b3%25d1%2580%25d0%25b0-%25d0%25b2-big-bamboo-%25d0%25bd%25d0%25b0-1win\"><span class=\"ez-toc-section\" id=\"%D0%98%D0%B3%D1%80%D0%B0_%D0%B2_Big_Bamboo_%D0%BD%D0%B0_1win\"><\/span><strong>Jogando Big Bamboo por 1<\/strong><strong>ganhar<\/strong><strong><\/strong><span class=\"ez-toc-section-end\"><\/span><\/h2>\n\n\n<p>Aproveite os recursos incr\u00edveis do cassino 1win. Ele vem com todos os jogos mais recentes muito rapidamente e tamb\u00e9m oferece p\u00f4quer, cassino, cr\u00edquete, apostas e muito mais.<\/p>\n\n\n\n<p>O recurso 1vin possui um design elegante e rica funcionalidade. Nele, os jogadores podem utilizar diferentes m\u00e9todos de registro. Os blocos principais est\u00e3o localizados no menu superior, incluindo o cassino. B\u00f4nus generosos est\u00e3o dispon\u00edveis para cada usu\u00e1rio para aumentar seus ganhos finais. O maior deles \u00e9 o b\u00f4nus 500% no seu primeiro dep\u00f3sito.<\/p>\n\n\n\n<p>O site 1win est\u00e1 adaptado para qualquer plataforma, oferece diversas formas de reabastecer contas e sacar ganhos!<\/p>\n\n\n<h3 class=\"wp-block-heading\" id=\"%25d1%2580%25d0%25b5%25d0%25b3%25d0%25b8%25d1%2581%25d1%2582%25d1%2580%25d0%25b0%25d1%2586%25d0%25b8%25d1%258f-%25d0%25b2-1win\"><span class=\"ez-toc-section\" id=\"%D0%A0%D0%B5%D0%B3%D0%B8%D1%81%D1%82%D1%80%D0%B0%D1%86%D0%B8%D1%8F_%D0%B2_1win\"><\/span><strong>Inscri\u00e7\u00f5es em 1<\/strong><strong>ganhar<\/strong><strong><\/strong><span class=\"ez-toc-section-end\"><\/span><\/h3>\n\n\n<p>Para criar uma conta no 1vin, voc\u00ea deve:<\/p>\n\n\n\n<ul class=\"wp-block-list\">\n<li>indicar n\u00famero de telefone;<\/li>\n\n\n\n<li>insira o endere\u00e7o de e-mail correspond\u00eancia;<\/li>\n\n\n\n<li>selecione sua moeda preferida.<\/li>\n<\/ul>\n\n\n\n<p>Depois disso, todos os jogos de azar estar\u00e3o dispon\u00edveis, incluindo o slot Big Bamboo do desenvolvedor PushGaming.<\/p>\n\n\n\n<p><em><strong>IMPORTANTE: uma caracter\u00edstica do 1win \u00e9 o cadastro r\u00e1pido pelas redes sociais. redes. Demora alguns segundos e \u00e9 adequado para quem deseja passar rapidamente a jogar e receber ganhos. O jogador poder\u00e1 fornecer dados b\u00e1sicos posteriormente.<\/strong><\/em><\/p>\n\n\n\n<p>\u00c0s vezes, o 1win realiza a identifica\u00e7\u00e3o pessoal dos jogadores. Isto \u00e9 feito principalmente para a seguran\u00e7a dos pr\u00f3prios usu\u00e1rios. Os jogadores tamb\u00e9m podem se comunicar com eles. suporte de recursos no chat online, na p\u00e1gina p\u00fablica oficial do VK ou no Telegram.<\/p>\n\n\n\n<p>Ainda se perguntando? Cadastre-se, recarregue sua conta e tenha sorte!<\/p>","protected":false},"excerpt":{"rendered":"<p>O jogo Big Bamboo (Big Bamboo) surgiu em mar\u00e7o de 2022 e j\u00e1 se tornou um verdadeiro sucesso entre os f\u00e3s de slots online. O jogo \u00e9 apresentado nos cassinos 1win, mostbet, pin-up e outros. Os criadores desenharam o jogo no estilo das ilhas tropicais, conferindo-lhe muitos detalhes e cores vivas. O slot online atrai com a oportunidade de ganhar grandes ganhos. \u00c9 bem poss\u00edvel fazer isso. Chances de... <a title=\"Big Bamboo\" class=\"read-more\" href=\"https:\/\/big-bamboo-slot.top\/pt\/\" aria-label=\"Mais sobre Play Big bambu\">Leia mais<\/a><\/p>","protected":false},"author":1,"featured_media":0,"parent":0,"menu_order":0,"comment_status":"closed","ping_status":"closed","template":"","meta":{"footnotes":""},"class_list":["post-670","page","type-page","status-publish"],"aioseo_notices":[],"_links":{"self":[{"href":"https:\/\/big-bamboo-slot.top\/pt\/wp-json\/wp\/v2\/pages\/670","targetHints":{"allow":["GET"]}}],"collection":[{"href":"https:\/\/big-bamboo-slot.top\/pt\/wp-json\/wp\/v2\/pages"}],"about":[{"href":"https:\/\/big-bamboo-slot.top\/pt\/wp-json\/wp\/v2\/types\/page"}],"author":[{"embeddable":true,"href":"https:\/\/big-bamboo-slot.top\/pt\/wp-json\/wp\/v2\/users\/1"}],"replies":[{"embeddable":true,"href":"https:\/\/big-bamboo-slot.top\/pt\/wp-json\/wp\/v2\/comments?post=670"}],"version-history":[{"count":20,"href":"https:\/\/big-bamboo-slot.top\/pt\/wp-json\/wp\/v2\/pages\/670\/revisions"}],"predecessor-version":[{"id":704,"href":"https:\/\/big-bamboo-slot.top\/pt\/wp-json\/wp\/v2\/pages\/670\/revisions\/704"}],"wp:attachment":[{"href":"https:\/\/big-bamboo-slot.top\/pt\/wp-json\/wp\/v2\/media?parent=670"}],"curies":[{"name":"wp","href":"https:\/\/api.w.org\/{rel}","templated":true}]}}